{"id":1894,"date":"2023-06-14T01:56:45","date_gmt":"2023-06-14T01:56:45","guid":{"rendered":"https:\/\/www.donacamaydoncolchon.com\/inicio\/?page_id=1894"},"modified":"2023-06-30T03:37:01","modified_gmt":"2023-06-30T03:37:01","slug":"063-mcg-porta-plasma-chanel","status":"publish","type":"page","link":"https:\/\/www.donacamaydoncolchon.com\/inicio\/063-mcg-porta-plasma-chanel\/","title":{"rendered":"063 MCG porta plasma CHANEL"},"content":{"rendered":"\n<p><\/p>\n\n\n\n<p><\/p>\n\n\n\n<div class=\"carousel-slider-outer carousel-slider-outer-image-carousel carousel-slider-outer-1542\" style=\"--carousel-slider-nav-color:#f1f1f1;--carousel-slider-active-nav-color:#00d1b2;--carousel-slider-arrow-size:48px;--carousel-slider-bullet-size:10px\">\n<div id=\"&#039;id-1542\" class=\"carousel-slider carousel-slider-1542 arrows-visibility-never dots-visibility-never arrows-inside dots-center dots-circle owl-carousel\" data-slide-type=\"image-carousel\" data-owl-settings='{\"nav\":false,\"dots\":false,\"slideBy\":1,\"stagePadding\":0,\"margin\":5,\"loop\":true,\"lazyLoad\":false,\"autoplay\":true,\"autoplayTimeout\":6000,\"autoplaySpeed\":600,\"autoplayHoverPause\":true,\"autoWidth\":false,\"responsive\":{\"300\":{\"items\":3},\"576\":{\"items\":4},\"768\":{\"items\":5},\"1024\":{\"items\":6},\"1280\":{\"items\":6},\"1536\":{\"items\":6}}}'>\n<div class=\"carousel-slider__item\">\n\t<a href=\"https:\/\/www.donacamaydoncolchon.com\/inicio\/salas\/\" target=\"_self\"><img width=\"150\" height=\"70\" src=\"https:\/\/www.donacamaydoncolchon.com\/inicio\/wp-content\/uploads\/2023\/06\/azul1.png\" class=\"attachment-full size-full\" alt=\"\" decoding=\"async\" loading=\"lazy\" \/><\/a><\/div>\n\n<div class=\"carousel-slider__item\">\n\t<a href=\"https:\/\/www.donacamaydoncolchon.com\/inicio\/comedores\/\" target=\"_self\"><img width=\"150\" height=\"70\" src=\"https:\/\/www.donacamaydoncolchon.com\/inicio\/wp-content\/uploads\/2023\/06\/ul3.png\" class=\"attachment-full size-full\" alt=\"\" decoding=\"async\" loading=\"lazy\" \/><\/a><\/div>\n\n<div class=\"carousel-slider__item\">\n\t<a href=\"https:\/\/www.donacamaydoncolchon.com\/inicio\/00-recamaras\/\" target=\"_self\"><img width=\"150\" height=\"70\" src=\"https:\/\/www.donacamaydoncolchon.com\/inicio\/wp-content\/uploads\/2023\/06\/azul4.png\" class=\"attachment-full size-full\" alt=\"\" decoding=\"async\" loading=\"lazy\" \/><\/a><\/div>\n\n<div class=\"carousel-slider__item\">\n\t<a href=\"https:\/\/www.donacamaydoncolchon.com\/inicio\/colchones\/\" target=\"_self\"><img width=\"150\" height=\"70\" src=\"https:\/\/www.donacamaydoncolchon.com\/inicio\/wp-content\/uploads\/2023\/06\/ul2.png\" class=\"attachment-full size-full\" alt=\"\" decoding=\"async\" loading=\"lazy\" \/><\/a><\/div>\n\n<div class=\"carousel-slider__item\">\n\t<a href=\"https:\/\/www.donacamaydoncolchon.com\/inicio\/00-centro-de-entretenimiento-y-portaplasmas\/\" target=\"_self\"><img width=\"150\" height=\"70\" src=\"https:\/\/www.donacamaydoncolchon.com\/inicio\/wp-content\/uploads\/2023\/06\/azul6.png\" class=\"attachment-full size-full\" alt=\"\" decoding=\"async\" loading=\"lazy\" \/><\/a><\/div>\n\n<div class=\"carousel-slider__item\">\n\t<a href=\"https:\/\/www.donacamaydoncolchon.com\/inicio\/00-complementa-tu-espacio\/\" target=\"_self\"><img width=\"150\" height=\"70\" src=\"https:\/\/www.donacamaydoncolchon.com\/inicio\/wp-content\/uploads\/2023\/06\/azul7.png\" class=\"attachment-full size-full\" alt=\"\" decoding=\"async\" loading=\"lazy\" \/><\/a><\/div>\n\n<\/div><!-- .carousel-slider-1542 -->\n<\/div><!-- .carousel-slider-outer-1542 -->\n\n\n\n\n<div class=\"wp-block-columns is-layout-flex wp-container-7\">\n<div class=\"wp-block-column is-layout-flow\" style=\"flex-basis:66.66%\">\n<figure class=\"wp-block-image size-large\"><img decoding=\"async\" loading=\"lazy\" width=\"1024\" height=\"683\" src=\"https:\/\/www.donacamaydoncolchon.com\/inicio\/wp-content\/uploads\/2023\/06\/39-TV-Channel-1024x683.jpg\" alt=\"\" class=\"wp-image-1897\" srcset=\"https:\/\/www.donacamaydoncolchon.com\/inicio\/wp-content\/uploads\/2023\/06\/39-TV-Channel-1024x683.jpg 1024w, https:\/\/www.donacamaydoncolchon.com\/inicio\/wp-content\/uploads\/2023\/06\/39-TV-Channel-300x200.jpg 300w, https:\/\/www.donacamaydoncolchon.com\/inicio\/wp-content\/uploads\/2023\/06\/39-TV-Channel-768x512.jpg 768w, https:\/\/www.donacamaydoncolchon.com\/inicio\/wp-content\/uploads\/2023\/06\/39-TV-Channel-1536x1024.jpg 1536w, https:\/\/www.donacamaydoncolchon.com\/inicio\/wp-content\/uploads\/2023\/06\/39-TV-Channel-2048x1366.jpg 2048w\" sizes=\"(max-width: 1024px) 100vw, 1024px\" \/><\/figure>\n\n\n\n<div class=\"wp-block-columns is-layout-flex wp-container-2\">\n<div class=\"wp-block-column is-layout-flow\">\n<p>*Imagen ilustrativa, los colores pueden variar seg\u00fan la disponibilidad existente en tienda.<\/p>\n<\/div>\n<\/div>\n<\/div>\n\n\n\n<div class=\"wp-block-column is-layout-flow\" style=\"flex-basis:33.33%\">\n<h4 class=\"wp-block-heading\">Porta Plasma Chanel<\/h4>\n\n\n\n<p><strong>C\u00f3digo del producto:&nbsp;<\/strong>MCG502<\/p>\n\n\n\n<div class=\"wp-block-columns is-layout-flex wp-container-5\">\n<div class=\"wp-block-column is-layout-flow\">\n<h4 class=\"wp-block-heading has-text-align-center\">Precio: $5,500<sup>.00<\/sup><\/h4>\n<\/div>\n<\/div>\n\n\n\n<p class=\"has-text-align-center\"><strong>Tarjetas participantes<\/strong><\/p>\n\n\n\n<div class=\"carousel-slider-outer carousel-slider-outer-image-carousel carousel-slider-outer-1689\" style=\"--carousel-slider-nav-color:#f1f1f1;--carousel-slider-active-nav-color:#00d1b2;--carousel-slider-arrow-size:48px;--carousel-slider-bullet-size:10px\">\n<div id=\"&#039;id-1689\" class=\"carousel-slider carousel-slider-1689 arrows-visibility-hover dots-visibility-never arrows-outside dots-center dots-circle owl-carousel\" data-slide-type=\"image-carousel\" data-owl-settings='{\"nav\":true,\"dots\":false,\"slideBy\":1,\"stagePadding\":0,\"margin\":10,\"loop\":true,\"lazyLoad\":false,\"autoplay\":true,\"autoplayTimeout\":7000,\"autoplaySpeed\":700,\"autoplayHoverPause\":true,\"autoWidth\":false,\"responsive\":{\"300\":{\"items\":3},\"576\":{\"items\":3},\"768\":{\"items\":3},\"1024\":{\"items\":3},\"1280\":{\"items\":3},\"1536\":{\"items\":3}}}'>\n<div class=\"carousel-slider__item\">\n\t<img width=\"450\" height=\"301\" src=\"https:\/\/www.donacamaydoncolchon.com\/inicio\/wp-content\/uploads\/2023\/06\/5-9.png\" class=\"attachment-medium_large size-medium_large\" alt=\"\" decoding=\"async\" loading=\"lazy\" srcset=\"https:\/\/www.donacamaydoncolchon.com\/inicio\/wp-content\/uploads\/2023\/06\/5-9.png 450w, https:\/\/www.donacamaydoncolchon.com\/inicio\/wp-content\/uploads\/2023\/06\/5-9-300x201.png 300w\" sizes=\"(max-width: 450px) 100vw, 450px\" \/><\/a><\/div>\n\n<div class=\"carousel-slider__item\">\n\t<img width=\"450\" height=\"301\" src=\"https:\/\/www.donacamaydoncolchon.com\/inicio\/wp-content\/uploads\/2023\/06\/6-9.png\" class=\"attachment-medium_large size-medium_large\" alt=\"\" decoding=\"async\" loading=\"lazy\" srcset=\"https:\/\/www.donacamaydoncolchon.com\/inicio\/wp-content\/uploads\/2023\/06\/6-9.png 450w, https:\/\/www.donacamaydoncolchon.com\/inicio\/wp-content\/uploads\/2023\/06\/6-9-300x201.png 300w\" sizes=\"(max-width: 450px) 100vw, 450px\" \/><\/a><\/div>\n\n<div class=\"carousel-slider__item\">\n\t<img width=\"450\" height=\"301\" src=\"https:\/\/www.donacamaydoncolchon.com\/inicio\/wp-content\/uploads\/2023\/06\/7-6.png\" class=\"attachment-medium_large size-medium_large\" alt=\"\" decoding=\"async\" loading=\"lazy\" srcset=\"https:\/\/www.donacamaydoncolchon.com\/inicio\/wp-content\/uploads\/2023\/06\/7-6.png 450w, https:\/\/www.donacamaydoncolchon.com\/inicio\/wp-content\/uploads\/2023\/06\/7-6-300x201.png 300w\" sizes=\"(max-width: 450px) 100vw, 450px\" \/><\/a><\/div>\n\n<\/div><!-- .carousel-slider-1689 -->\n<\/div><!-- .carousel-slider-outer-1689 -->\n\n\n\n\n<p><\/p>\n\n\n\n<p>Producto armado y listo para usar<\/p>\n<\/div>\n<\/div>\n\n\n\n<h3 class=\"wp-block-heading\">Art\u00edculos relacionados<\/h3>\n\n\n\n<div class=\"carousel-slider-outer carousel-slider-outer-image-carousel carousel-slider-outer-1417\" style=\"--carousel-slider-nav-color:#f1f1f1;--carousel-slider-active-nav-color:rgb(244,244,244);--carousel-slider-arrow-size:48px;--carousel-slider-bullet-size:10px\">\n<div id=\"&#039;id-1417\" class=\"carousel-slider carousel-slider-1417 arrows-visibility-hover dots-visibility-never arrows-inside dots-center dots-circle owl-carousel\" data-slide-type=\"image-carousel\" data-owl-settings='{\"nav\":true,\"dots\":false,\"slideBy\":1,\"stagePadding\":0,\"margin\":10,\"loop\":true,\"lazyLoad\":false,\"autoplay\":true,\"autoplayTimeout\":5000,\"autoplaySpeed\":500,\"autoplayHoverPause\":true,\"autoWidth\":false,\"responsive\":{\"300\":{\"items\":3},\"576\":{\"items\":4},\"768\":{\"items\":4},\"1024\":{\"items\":4},\"1280\":{\"items\":5},\"1536\":{\"items\":5}}}'>\n<div class=\"carousel-slider__item\">\n\t<a href=\"https:\/\/www.donacamaydoncolchon.com\/inicio\/salas\/\" target=\"_self\"><img width=\"361\" height=\"407\" src=\"https:\/\/www.donacamaydoncolchon.com\/inicio\/wp-content\/uploads\/2023\/08\/1-7_.jpg\" class=\"attachment-medium_large size-medium_large\" alt=\"\" decoding=\"async\" loading=\"lazy\" srcset=\"https:\/\/www.donacamaydoncolchon.com\/inicio\/wp-content\/uploads\/2023\/08\/1-7_.jpg 361w, https:\/\/www.donacamaydoncolchon.com\/inicio\/wp-content\/uploads\/2023\/08\/1-7_-266x300.jpg 266w\" sizes=\"(max-width: 361px) 100vw, 361px\" \/><\/a><\/div>\n\n<div class=\"carousel-slider__item\">\n\t<a href=\"https:\/\/www.donacamaydoncolchon.com\/inicio\/comedores\/\" target=\"_self\"><img width=\"361\" height=\"407\" src=\"https:\/\/www.donacamaydoncolchon.com\/inicio\/wp-content\/uploads\/2023\/08\/3-7_.jpg\" class=\"attachment-medium_large size-medium_large\" alt=\"\" decoding=\"async\" loading=\"lazy\" srcset=\"https:\/\/www.donacamaydoncolchon.com\/inicio\/wp-content\/uploads\/2023\/08\/3-7_.jpg 361w, https:\/\/www.donacamaydoncolchon.com\/inicio\/wp-content\/uploads\/2023\/08\/3-7_-266x300.jpg 266w\" sizes=\"(max-width: 361px) 100vw, 361px\" \/><\/a><\/div>\n\n<div class=\"carousel-slider__item\">\n\t<a href=\"https:\/\/www.donacamaydoncolchon.com\/inicio\/00-recamaras\/\" target=\"_self\"><img width=\"361\" height=\"407\" src=\"https:\/\/www.donacamaydoncolchon.com\/inicio\/wp-content\/uploads\/2023\/08\/4-6_.jpg\" class=\"attachment-medium_large size-medium_large\" alt=\"\" decoding=\"async\" loading=\"lazy\" srcset=\"https:\/\/www.donacamaydoncolchon.com\/inicio\/wp-content\/uploads\/2023\/08\/4-6_.jpg 361w, https:\/\/www.donacamaydoncolchon.com\/inicio\/wp-content\/uploads\/2023\/08\/4-6_-266x300.jpg 266w\" sizes=\"(max-width: 361px) 100vw, 361px\" \/><\/a><\/div>\n\n<div class=\"carousel-slider__item\">\n\t<a href=\"https:\/\/www.donacamaydoncolchon.com\/inicio\/00-colchones-y-bases\/\" target=\"_self\"><img width=\"361\" height=\"407\" src=\"https:\/\/www.donacamaydoncolchon.com\/inicio\/wp-content\/uploads\/2023\/08\/2-6_.jpg\" class=\"attachment-medium_large size-medium_large\" alt=\"\" decoding=\"async\" loading=\"lazy\" srcset=\"https:\/\/www.donacamaydoncolchon.com\/inicio\/wp-content\/uploads\/2023\/08\/2-6_.jpg 361w, https:\/\/www.donacamaydoncolchon.com\/inicio\/wp-content\/uploads\/2023\/08\/2-6_-266x300.jpg 266w\" sizes=\"(max-width: 361px) 100vw, 361px\" \/><\/a><\/div>\n\n<div class=\"carousel-slider__item\">\n\t<a href=\"https:\/\/www.donacamaydoncolchon.com\/inicio\/00-centro-de-entretenimiento-y-portaplasmas\/\" target=\"_self\"><img width=\"361\" height=\"407\" src=\"https:\/\/www.donacamaydoncolchon.com\/inicio\/wp-content\/uploads\/2023\/08\/5-6_.jpg\" class=\"attachment-medium_large size-medium_large\" alt=\"\" decoding=\"async\" loading=\"lazy\" srcset=\"https:\/\/www.donacamaydoncolchon.com\/inicio\/wp-content\/uploads\/2023\/08\/5-6_.jpg 361w, https:\/\/www.donacamaydoncolchon.com\/inicio\/wp-content\/uploads\/2023\/08\/5-6_-266x300.jpg 266w\" sizes=\"(max-width: 361px) 100vw, 361px\" \/><\/a><\/div>\n\n<div class=\"carousel-slider__item\">\n\t<a href=\"https:\/\/www.donacamaydoncolchon.com\/inicio\/00-complementa-tu-espacio\/\" target=\"_self\"><img width=\"361\" height=\"407\" src=\"https:\/\/www.donacamaydoncolchon.com\/inicio\/wp-content\/uploads\/2023\/08\/6-6_.jpg\" class=\"attachment-medium_large size-medium_large\" alt=\"\" decoding=\"async\" loading=\"lazy\" srcset=\"https:\/\/www.donacamaydoncolchon.com\/inicio\/wp-content\/uploads\/2023\/08\/6-6_.jpg 361w, https:\/\/www.donacamaydoncolchon.com\/inicio\/wp-content\/uploads\/2023\/08\/6-6_-266x300.jpg 266w\" sizes=\"(max-width: 361px) 100vw, 361px\" \/><\/a><\/div>\n\n<\/div><!-- .carousel-slider-1417 -->\n<\/div><!-- .carousel-slider-outer-1417 -->\n\n","protected":false},"excerpt":{"rendered":"<p>*Imagen ilustrativa, los colores pueden variar seg\u00fan la disponibilidad existente en tienda. Porta Plasma Chanel C\u00f3digo del producto:&nbsp;MCG502 Precio: $5,500.00 Tarjetas participantes Producto armado y listo para usar Art\u00edculos relacionados<\/p>\n","protected":false},"author":1,"featured_media":0,"parent":0,"menu_order":0,"comment_status":"closed","ping_status":"closed","template":"","meta":{"_uag_custom_page_level_css":"","site-sidebar-layout":"default","site-content-layout":"default","ast-global-header-display":"","ast-banner-title-visibility":"","ast-main-header-display":"","ast-hfb-above-header-display":"","ast-hfb-below-header-display":"","ast-hfb-mobile-header-display":"","site-post-title":"disabled","ast-breadcrumbs-content":"","ast-featured-img":"","footer-sml-layout":"","theme-transparent-header-meta":"","adv-header-id-meta":"","stick-header-meta":"","header-above-stick-meta":"","header-main-stick-meta":"","header-below-stick-meta":""},"uagb_featured_image_src":{"full":false,"thumbnail":false,"medium":false,"medium_large":false,"large":false,"1536x1536":false,"2048x2048":false},"uagb_author_info":{"display_name":"admin","author_link":"https:\/\/www.donacamaydoncolchon.com\/inicio\/author\/admin\/"},"uagb_comment_info":0,"uagb_excerpt":"*Imagen ilustrativa, los colores pueden variar seg\u00fan la disponibilidad existente en tienda. Porta Plasma Chanel C\u00f3digo del producto:&nbsp;MCG502 Precio: $5,500.00 Tarjetas participantes Producto armado y listo para usar Art\u00edculos relacionados","_links":{"self":[{"href":"https:\/\/www.donacamaydoncolchon.com\/inicio\/wp-json\/wp\/v2\/pages\/1894"}],"collection":[{"href":"https:\/\/www.donacamaydoncolchon.com\/inicio\/wp-json\/wp\/v2\/pages"}],"about":[{"href":"https:\/\/www.donacamaydoncolchon.com\/inicio\/wp-json\/wp\/v2\/types\/page"}],"author":[{"embeddable":true,"href":"https:\/\/www.donacamaydoncolchon.com\/inicio\/wp-json\/wp\/v2\/users\/1"}],"replies":[{"embeddable":true,"href":"https:\/\/www.donacamaydoncolchon.com\/inicio\/wp-json\/wp\/v2\/comments?post=1894"}],"version-history":[{"count":3,"href":"https:\/\/www.donacamaydoncolchon.com\/inicio\/wp-json\/wp\/v2\/pages\/1894\/revisions"}],"predecessor-version":[{"id":2941,"href":"https:\/\/www.donacamaydoncolchon.com\/inicio\/wp-json\/wp\/v2\/pages\/1894\/revisions\/2941"}],"wp:attachment":[{"href":"https:\/\/www.donacamaydoncolchon.com\/inicio\/wp-json\/wp\/v2\/media?parent=1894"}],"curies":[{"name":"wp","href":"https:\/\/api.w.org\/{rel}","templated":true}]}}